{"id":96,"date":"2025-07-03T11:41:36","date_gmt":"2025-07-03T09:41:36","guid":{"rendered":"https:\/\/pistachodesign.com\/?page_id=96"},"modified":"2025-07-08T18:18:33","modified_gmt":"2025-07-08T16:18:33","slug":"sobre-mi","status":"publish","type":"page","link":"https:\/\/pistachodesign.com\/?page_id=96","title":{"rendered":"Sobre mi"},"content":{"rendered":"\t\t<div data-elementor-type=\"wp-page\" data-elementor-id=\"96\" class=\"elementor elementor-96\">\n\t\t\t\t<div class=\"elementor-element elementor-element-b6f66f4 e-con-full e-flex e-con e-parent\" data-id=\"b6f66f4\" data-element_type=\"container\">\n\t\t<div class=\"elementor-element elementor-element-53bf8e4 e-con-full e-flex e-con e-child\" data-id=\"53bf8e4\" data-element_type=\"container\">\n\t\t\t\t<div class=\"elementor-element elementor-element-a23d94d elementor-invisible elementor-widget elementor-widget-image\" data-id=\"a23d94d\" data-element_type=\"widget\" data-settings=\"{&quot;_animation&quot;:&quot;rotateInDownLeft&quot;}\" data-widget_type=\"image.default\">\n\t\t\t\t<div class=\"elementor-widget-container\">\n\t\t\t\t\t\t\t\t\t\t\t\t\t\t\t\t<a href=\"http:\/\/pistachodesign.com\/wp-content\/uploads\/2025\/07\/sobremi-1.png\" data-elementor-open-lightbox=\"yes\" data-elementor-lightbox-title=\"sobremi\" data-e-action-hash=\"#elementor-action%3Aaction%3Dlightbox%26settings%3DeyJpZCI6NTU5LCJ1cmwiOiJodHRwOlwvXC9waXN0YWNob2Rlc2lnbi5jb21cL3dwLWNvbnRlbnRcL3VwbG9hZHNcLzIwMjVcLzA3XC9zb2JyZW1pLTEucG5nIn0%3D\">\n\t\t\t\t\t\t\t<img fetchpriority=\"high\" decoding=\"async\" width=\"800\" height=\"800\" src=\"http:\/\/pistachodesign.com\/wp-content\/uploads\/2025\/07\/sobremi-1-1024x1024.png\" class=\"attachment-large size-large wp-image-559\" alt=\"\" srcset=\"http:\/\/pistachodesign.com\/wp-content\/uploads\/2025\/07\/sobremi-1-1024x1024.png 1024w, http:\/\/pistachodesign.com\/wp-content\/uploads\/2025\/07\/sobremi-1-300x300.png 300w, http:\/\/pistachodesign.com\/wp-content\/uploads\/2025\/07\/sobremi-1-150x150.png 150w, http:\/\/pistachodesign.com\/wp-content\/uploads\/2025\/07\/sobremi-1-768x768.png 768w, http:\/\/pistachodesign.com\/wp-content\/uploads\/2025\/07\/sobremi-1.png 1084w\" sizes=\"(max-width: 800px) 100vw, 800px\" \/>\t\t\t\t\t\t\t\t<\/a>\n\t\t\t\t\t\t\t\t\t\t\t\t\t\t\t<\/div>\n\t\t\t\t<\/div>\n\t\t\t\t<\/div>\n\t\t<div class=\"elementor-element elementor-element-1ef17df e-con-full e-flex e-con e-child\" data-id=\"1ef17df\" data-element_type=\"container\">\n\t\t<div class=\"elementor-element elementor-element-6ded724 e-con-full e-flex e-con e-child\" data-id=\"6ded724\" data-element_type=\"container\">\n\t\t\t\t<div class=\"elementor-element elementor-element-a9b84a4 elementor-widget elementor-widget-heading\" data-id=\"a9b84a4\" data-element_type=\"widget\" data-widget_type=\"heading.default\">\n\t\t\t\t<div class=\"elementor-widget-container\">\n\t\t\t\t\t<h2 class=\"elementor-heading-title elementor-size-default\">Este soy yo<\/h2>\t\t\t\t<\/div>\n\t\t\t\t<\/div>\n\t\t\t\t<\/div>\n\t\t<div class=\"elementor-element elementor-element-a1e319a e-con-full e-flex e-con e-child\" data-id=\"a1e319a\" data-element_type=\"container\">\n\t\t\t\t<div class=\"elementor-element elementor-element-bc1654f elementor-widget elementor-widget-text-editor\" data-id=\"bc1654f\" data-element_type=\"widget\" data-widget_type=\"text-editor.default\">\n\t\t\t\t<div class=\"elementor-widget-container\">\n\t\t\t\t\t\t\t\t\t<p data-start=\"382\" data-end=\"620\">Soy Ernesto: <strong>dise\u00f1ador<\/strong>, <strong>ilustrador<\/strong> y <strong>artista<\/strong> desde que tengo uso de l\u00e1piz. Me apasiona darle forma a las ideas, ya sea con un <strong>logo<\/strong> que hable sin decir una palabra, un personaje con carisma o un <strong>packaging<\/strong> que se quede grabado en la retina.<\/p><p data-start=\"622\" data-end=\"791\">Trabajo con intenci\u00f3n, con cabeza y, siempre que puedo, con un toque de <strong>humor<\/strong>. Porque si un proyecto no dice nada o no te saca ni una sonrisa, algo estamos haciendo mal.<\/p><p data-start=\"793\" data-end=\"1085\">Mi perfil es multidisciplinar, y eso no es casualidad: me gusta explorar, mezclar y salirme del molde. Gracias a ello, puedo aportar <strong>frescura<\/strong>, distintos puntos de vista y soluciones visuales con car\u00e1cter propio. Cada proyecto es <strong>\u00fanico<\/strong>, y merece una <strong>identidad<\/strong> que no se parezca a ninguna otra.<\/p><p data-start=\"1087\" data-end=\"1255\">Trabajo bajo la marca <strong data-start=\"1109\" data-end=\"1121\">Pistacho<\/strong>, donde conviven el dise\u00f1o funcional con la ilustraci\u00f3n expresiva, el arte con la estrategia y lo bonito con lo que importa de verdad.<\/p><p data-start=\"1257\" data-end=\"1388\">En resumen: si tienes una idea y quieres vestirla con personalidad, aqu\u00ed estoy.<\/p><p data-start=\"1257\" data-end=\"1388\"><strong>Lo m\u00edo es pensar con las manos y crear con sentido.<\/strong><\/p>\t\t\t\t\t\t\t\t<\/div>\n\t\t\t\t<\/div>\n\t\t\t\t<\/div>\n\t\t\t\t<\/div>\n\t\t\t\t<\/div>\n\t\t<div class=\"elementor-element elementor-element-c5beb50 e-con-full e-flex e-con e-parent\" data-id=\"c5beb50\" data-element_type=\"container\">\n\t\t\t\t<div class=\"elementor-element elementor-element-55db538b elementor-invisible elementor-widget elementor-widget-heading\" data-id=\"55db538b\" data-element_type=\"widget\" data-settings=\"{&quot;_animation&quot;:&quot;fadeIn&quot;}\" data-widget_type=\"heading.default\">\n\t\t\t\t<div class=\"elementor-widget-container\">\n\t\t\t\t\t<h2 class=\"elementor-heading-title elementor-size-default\">Mis intereses<\/h2>\t\t\t\t<\/div>\n\t\t\t\t<\/div>\n\t\t\t\t<div class=\"elementor-element elementor-element-a5fb757 elementor-invisible elementor-widget elementor-widget-image\" data-id=\"a5fb757\" data-element_type=\"widget\" data-settings=\"{&quot;_animation&quot;:&quot;bounceIn&quot;}\" data-widget_type=\"image.default\">\n\t\t\t\t<div class=\"elementor-widget-container\">\n\t\t\t\t\t\t\t\t\t\t\t\t\t\t\t<img decoding=\"async\" width=\"800\" height=\"557\" src=\"http:\/\/pistachodesign.com\/wp-content\/uploads\/2025\/07\/intereses-1024x713.png\" class=\"attachment-large size-large wp-image-587\" alt=\"\" srcset=\"http:\/\/pistachodesign.com\/wp-content\/uploads\/2025\/07\/intereses-1024x713.png 1024w, http:\/\/pistachodesign.com\/wp-content\/uploads\/2025\/07\/intereses-300x209.png 300w, http:\/\/pistachodesign.com\/wp-content\/uploads\/2025\/07\/intereses-768x535.png 768w, http:\/\/pistachodesign.com\/wp-content\/uploads\/2025\/07\/intereses.png 1080w\" sizes=\"(max-width: 800px) 100vw, 800px\" \/>\t\t\t\t\t\t\t\t\t\t\t\t\t\t\t<\/div>\n\t\t\t\t<\/div>\n\t\t\t\t<\/div>\n\t\t<div class=\"elementor-element elementor-element-7f039e3b e-flex e-con-boxed elementor-invisible e-con e-parent\" data-id=\"7f039e3b\" data-element_type=\"container\" data-settings=\"{&quot;animation&quot;:&quot;bounce&quot;}\">\n\t\t\t\t\t<div class=\"e-con-inner\">\n\t\t\t\t<div class=\"elementor-element elementor-element-3fdfaf17 elementor-widget__width-initial elementor-widget-tablet__width-initial elementor-position-top elementor-widget elementor-widget-image-box\" data-id=\"3fdfaf17\" data-element_type=\"widget\" data-widget_type=\"image-box.default\">\n\t\t\t\t<div class=\"elementor-widget-container\">\n\t\t\t\t\t<div class=\"elementor-image-box-wrapper\"><figure class=\"elementor-image-box-img\"><img decoding=\"async\" width=\"109\" height=\"109\" src=\"http:\/\/pistachodesign.com\/wp-content\/uploads\/2025\/07\/why-monsfer_target.svg\" class=\"elementor-animation-grow attachment-full size-full wp-image-98\" alt=\"\" \/><\/figure><div class=\"elementor-image-box-content\"><h4 class=\"elementor-image-box-title\">La misi\u00f3n<\/h4><p class=\"elementor-image-box-description\">Dar forma a ideas con intenci\u00f3n, cabeza y un toque de humor. Mi misi\u00f3n es crear dise\u00f1os que no solo se vean bien, sino que comuniquen de verdad: marcas con alma, personajes con chispa y piezas visuales con identidad. Cada proyecto es una oportunidad para contar una historia \u00fanica, conectar con personas y dejar huella desde lo visual.<\/p><\/div><\/div>\t\t\t\t<\/div>\n\t\t\t\t<\/div>\n\t\t\t\t<div class=\"elementor-element elementor-element-5d1386e7 elementor-widget__width-initial elementor-widget-tablet__width-initial elementor-position-top elementor-widget elementor-widget-image-box\" data-id=\"5d1386e7\" data-element_type=\"widget\" data-widget_type=\"image-box.default\">\n\t\t\t\t<div class=\"elementor-widget-container\">\n\t\t\t\t\t<div class=\"elementor-image-box-wrapper\"><figure class=\"elementor-image-box-img\"><img loading=\"lazy\" decoding=\"async\" width=\"109\" height=\"109\" src=\"http:\/\/pistachodesign.com\/wp-content\/uploads\/2025\/07\/why-monsfer_eye.svg\" class=\"elementor-animation-grow attachment-full size-full wp-image-99\" alt=\"\" \/><\/figure><div class=\"elementor-image-box-content\"><h4 class=\"elementor-image-box-title\">La visi\u00f3n<\/h4><p class=\"elementor-image-box-description\">Imagino un mundo donde el dise\u00f1o no sea solo \u201cbonito\u201d, sino \u00fatil, honesto y memorable. Un lugar donde las marcas se atrevan a tener personalidad propia y donde el arte y la funcionalidad vayan de la mano. Mi visi\u00f3n es seguir explorando nuevos formatos, romper moldes y construir un universo visual donde cada detalle tenga sentido.<\/p><\/div><\/div>\t\t\t\t<\/div>\n\t\t\t\t<\/div>\n\t\t\t\t\t<\/div>\n\t\t\t\t<\/div>\n\t\t<div class=\"elementor-element elementor-element-40446b37 e-flex e-con-boxed e-con e-parent\" data-id=\"40446b37\" data-element_type=\"container\">\n\t\t\t\t\t<div class=\"e-con-inner\">\n\t\t<div class=\"elementor-element elementor-element-1183f476 e-con-full e-flex e-con e-child\" data-id=\"1183f476\" data-element_type=\"container\" data-settings=\"{&quot;background_background&quot;:&quot;classic&quot;}\">\n\t\t\t\t<div class=\"elementor-element elementor-element-75bf4833 elementor-invisible elementor-widget elementor-widget-heading\" data-id=\"75bf4833\" data-element_type=\"widget\" data-settings=\"{&quot;_animation&quot;:&quot;fadeIn&quot;,&quot;_animation_delay&quot;:&quot;400&quot;}\" data-widget_type=\"heading.default\">\n\t\t\t\t<div class=\"elementor-widget-container\">\n\t\t\t\t\t<h2 class=\"elementor-heading-title elementor-size-default\">Mi oficina\/taller <\/h2>\t\t\t\t<\/div>\n\t\t\t\t<\/div>\n\t\t\t\t<div class=\"elementor-element elementor-element-1de99975 elementor-widget elementor-widget-text-editor\" data-id=\"1de99975\" data-element_type=\"widget\" data-widget_type=\"text-editor.default\">\n\t\t\t\t<div class=\"elementor-widget-container\">\n\t\t\t\t\t\t\t\t\t<p>Located in the heart of New York City, our headquarters is where innovation meets energy. It\u2019s here that our talented team designs, builds, and refines the Monsfer experience. Stop by our office to meet the people behind the app and discover how we\u2019re shaping the future of mobile payments, one feature at a time.<\/p>\t\t\t\t\t\t\t\t<\/div>\n\t\t\t\t<\/div>\n\t\t\t\t<div class=\"elementor-element elementor-element-357dbc53 elementor-widget__width-inherit elementor-view-default elementor-widget elementor-widget-icon\" data-id=\"357dbc53\" data-element_type=\"widget\" data-widget_type=\"icon.default\">\n\t\t\t\t<div class=\"elementor-widget-container\">\n\t\t\t\t\t\t\t<div class=\"elementor-icon-wrapper\">\n\t\t\t<div class=\"elementor-icon\">\n\t\t\t<svg xmlns=\"http:\/\/www.w3.org\/2000\/svg\" id=\"a\" width=\"80.73\" height=\"81.52\" viewBox=\"0 0 80.73 81.52\"><defs><style>.b{fill:none;stroke-miterlimit:10;stroke-width:1.3px;}.b,.c{stroke:#050505;}.c{stroke-miterlimit:10;stroke-width:1.3px;}<\/style><\/defs><ellipse class=\"c\" cx=\"40.37\" cy=\"40.76\" rx=\"39.28\" ry=\"40.53\" transform=\"translate(-16.23 31.39) rotate(-35.88)\"><\/ellipse><path class=\"b\" d=\"M22.01,15.35c13.59-9.83,32.84-6.44,42.99,7.59\"><\/path><\/svg>\t\t\t<\/div>\n\t\t<\/div>\n\t\t\t\t\t\t<\/div>\n\t\t\t\t<\/div>\n\t\t\t\t<\/div>\n\t\t<div class=\"elementor-element elementor-element-409fd5b8 e-con-full e-flex e-con e-child\" data-id=\"409fd5b8\" data-element_type=\"container\" data-settings=\"{&quot;background_background&quot;:&quot;classic&quot;}\">\n\t\t\t\t<div class=\"elementor-element elementor-element-34d65f18 elementor-widget elementor-widget-image\" data-id=\"34d65f18\" data-element_type=\"widget\" data-widget_type=\"image.default\">\n\t\t\t\t<div class=\"elementor-widget-container\">\n\t\t\t\t\t\t\t\t\t\t\t\t\t\t\t<img loading=\"lazy\" decoding=\"async\" width=\"595\" height=\"438\" src=\"http:\/\/pistachodesign.com\/wp-content\/uploads\/2025\/07\/ny-office.jpg\" class=\"attachment-large size-large wp-image-108\" alt=\"\" srcset=\"http:\/\/pistachodesign.com\/wp-content\/uploads\/2025\/07\/ny-office.jpg 595w, http:\/\/pistachodesign.com\/wp-content\/uploads\/2025\/07\/ny-office-300x221.jpg 300w\" sizes=\"(max-width: 595px) 100vw, 595px\" \/>\t\t\t\t\t\t\t\t\t\t\t\t\t\t\t<\/div>\n\t\t\t\t<\/div>\n\t\t\t\t<div class=\"elementor-element elementor-element-57794668 elementor-widget__width-auto elementor-absolute elementor-view-default elementor-widget elementor-widget-icon\" data-id=\"57794668\" data-element_type=\"widget\" data-settings=\"{&quot;_position&quot;:&quot;absolute&quot;}\" data-widget_type=\"icon.default\">\n\t\t\t\t<div class=\"elementor-widget-container\">\n\t\t\t\t\t\t\t<div class=\"elementor-icon-wrapper\">\n\t\t\t<div class=\"elementor-icon\">\n\t\t\t<svg xmlns=\"http:\/\/www.w3.org\/2000\/svg\" id=\"a\" width=\"80.73\" height=\"81.52\" viewBox=\"0 0 80.73 81.52\"><defs><style>.b{fill:none;stroke-miterlimit:10;stroke-width:1.3px;}.b,.c{stroke:#050505;}.c{stroke-miterlimit:10;stroke-width:1.3px;}<\/style><\/defs><ellipse class=\"c\" cx=\"40.37\" cy=\"40.76\" rx=\"39.28\" ry=\"40.53\" transform=\"translate(-16.23 31.39) rotate(-35.88)\"><\/ellipse><path class=\"b\" d=\"M22.01,15.35c13.59-9.83,32.84-6.44,42.99,7.59\"><\/path><\/svg>\t\t\t<\/div>\n\t\t<\/div>\n\t\t\t\t\t\t<\/div>\n\t\t\t\t<\/div>\n\t\t\t\t<div class=\"elementor-element elementor-element-404bb435 elementor-widget__width-auto elementor-absolute elementor-view-default elementor-widget elementor-widget-icon\" data-id=\"404bb435\" data-element_type=\"widget\" data-settings=\"{&quot;_position&quot;:&quot;absolute&quot;}\" data-widget_type=\"icon.default\">\n\t\t\t\t<div class=\"elementor-widget-container\">\n\t\t\t\t\t\t\t<div class=\"elementor-icon-wrapper\">\n\t\t\t<div class=\"elementor-icon\">\n\t\t\t<svg xmlns=\"http:\/\/www.w3.org\/2000\/svg\" id=\"a\" width=\"80.73\" height=\"81.52\" viewBox=\"0 0 80.73 81.52\"><defs><style>.b{fill:none;stroke-miterlimit:10;stroke-width:1.3px;}.b,.c{stroke:#050505;}.c{stroke-miterlimit:10;stroke-width:1.3px;}<\/style><\/defs><ellipse class=\"c\" cx=\"40.37\" cy=\"40.76\" rx=\"39.28\" ry=\"40.53\" transform=\"translate(-16.23 31.39) rotate(-35.88)\"><\/ellipse><path class=\"b\" d=\"M22.01,15.35c13.59-9.83,32.84-6.44,42.99,7.59\"><\/path><\/svg>\t\t\t<\/div>\n\t\t<\/div>\n\t\t\t\t\t\t<\/div>\n\t\t\t\t<\/div>\n\t\t\t\t<div class=\"elementor-element elementor-element-363f52d elementor-widget__width-initial elementor-absolute elementor-widget elementor-widget-image\" data-id=\"363f52d\" data-element_type=\"widget\" data-settings=\"{&quot;_position&quot;:&quot;absolute&quot;}\" data-widget_type=\"image.default\">\n\t\t\t\t<div class=\"elementor-widget-container\">\n\t\t\t\t\t\t\t\t\t\t\t\t\t\t\t<img loading=\"lazy\" decoding=\"async\" width=\"275\" height=\"67\" src=\"http:\/\/pistachodesign.com\/wp-content\/uploads\/2025\/07\/cloud-img-2-1.svg\" class=\"attachment-large size-large wp-image-88\" alt=\"\" \/>\t\t\t\t\t\t\t\t\t\t\t\t\t\t\t<\/div>\n\t\t\t\t<\/div>\n\t\t\t\t<\/div>\n\t\t\t\t\t<\/div>\n\t\t\t\t<\/div>\n\t\t<div class=\"elementor-element elementor-element-3eabc255 e-flex e-con-boxed e-con e-parent\" data-id=\"3eabc255\" data-element_type=\"container\" data-settings=\"{&quot;background_background&quot;:&quot;classic&quot;}\">\n\t\t\t\t\t<div class=\"e-con-inner\">\n\t\t<div class=\"elementor-element elementor-element-44838f7 e-con-full e-flex e-con e-child\" data-id=\"44838f7\" data-element_type=\"container\">\n\t\t\t\t<div class=\"elementor-element elementor-element-874fb8d elementor-widget elementor-widget-cta\" data-id=\"874fb8d\" data-element_type=\"widget\" data-settings=\"{&quot;layout_preset&quot;:&quot;streamline&quot;,&quot;content_alignment&quot;:&quot;center&quot;,&quot;content_alignment_tablet&quot;:&quot;center&quot;,&quot;content_alignment_mobile&quot;:&quot;center&quot;,&quot;primary_button_shape&quot;:&quot;default&quot;,&quot;cta_width&quot;:&quot;default&quot;,&quot;cta_position&quot;:&quot;default&quot;,&quot;box_shape&quot;:&quot;sharp&quot;}\" data-widget_type=\"cta.default\">\n\t\t\t\t<div class=\"elementor-widget-container\">\n\t\t\t\t\t\t\t<div class=\"has-shape-sharp shape-type-box ehp-cta has-preset-streamline\">\n\t\t\t<div class=\"ehp-cta__overlay\"><\/div>\n\t\t\t<div class=\"ehp-cta__elements-container\">\n\t\t\t\t\t\t<div class=\"ehp-cta__text-container\">\n\t\t\t<h2 class=\"ehp-cta__heading\">Sigamos hablando<\/h2><p class=\"ehp-cta__description\">Si tienes alguna duda, quieres un presupuesto o simplemente quieres saber algo m\u00e1s de mi, escr\u00edbeme.<\/p>\t\t<\/div>\n\t\t\t\t\t<div class=\"ehp-cta__ctas-container has-cta-width-default\">\n\t\t\t\t<div class=\"ehp-cta__buttons-wrapper\">\n\t\t\t\t\t\t\t<a class=\"has-shape-default shape-type-button ehp-button ehp-button--primary ehp-cta__button ehp-cta__button--primary is-type-button has-border\" href=\"https:\/\/pistachodesign.com\/?page_id=85\">\n\t\t\t\t\t<span class=\"ehp-button__text ehp-cta__button-text ehp-cta__button-text--primary\">\n\t\t\tEscr\u00edbeme\t\t\t\t<\/a>\n\t\t\t\t\t\t\t\t\t\t\t<\/div>\n\t\t\t<\/div>\n\t\t\t\t\t<\/div>\n\t\t<\/div>\n\t\t\t\t\t\t<\/div>\n\t\t\t\t<\/div>\n\t\t\t\t<div class=\"elementor-element elementor-element-a88b69f elementor-absolute elementor-invisible elementor-widget elementor-widget-image\" data-id=\"a88b69f\" data-element_type=\"widget\" data-settings=\"{&quot;_position&quot;:&quot;absolute&quot;,&quot;_animation&quot;:&quot;jello&quot;}\" data-widget_type=\"image.default\">\n\t\t\t\t<div class=\"elementor-widget-container\">\n\t\t\t\t\t\t\t\t\t\t\t\t\t\t\t<img loading=\"lazy\" decoding=\"async\" width=\"350\" height=\"500\" src=\"http:\/\/pistachodesign.com\/wp-content\/uploads\/2025\/07\/airmaxrosa2.png\" class=\"attachment-medium_large size-medium_large wp-image-581\" alt=\"\" srcset=\"http:\/\/pistachodesign.com\/wp-content\/uploads\/2025\/07\/airmaxrosa2.png 350w, http:\/\/pistachodesign.com\/wp-content\/uploads\/2025\/07\/airmaxrosa2-210x300.png 210w\" sizes=\"(max-width: 350px) 100vw, 350px\" \/>\t\t\t\t\t\t\t\t\t\t\t\t\t\t\t<\/div>\n\t\t\t\t<\/div>\n\t\t\t\t<div class=\"elementor-element elementor-element-6c490140 elementor-absolute elementor-invisible elementor-widget elementor-widget-image\" data-id=\"6c490140\" data-element_type=\"widget\" data-settings=\"{&quot;_position&quot;:&quot;absolute&quot;,&quot;_animation&quot;:&quot;jello&quot;}\" data-widget_type=\"image.default\">\n\t\t\t\t<div class=\"elementor-widget-container\">\n\t\t\t\t\t\t\t\t\t\t\t\t\t\t\t<img loading=\"lazy\" decoding=\"async\" width=\"350\" height=\"500\" src=\"http:\/\/pistachodesign.com\/wp-content\/uploads\/2025\/07\/airmaxverde2.png\" class=\"attachment-medium_large size-medium_large wp-image-582\" alt=\"\" srcset=\"http:\/\/pistachodesign.com\/wp-content\/uploads\/2025\/07\/airmaxverde2.png 350w, http:\/\/pistachodesign.com\/wp-content\/uploads\/2025\/07\/airmaxverde2-210x300.png 210w\" sizes=\"(max-width: 350px) 100vw, 350px\" \/>\t\t\t\t\t\t\t\t\t\t\t\t\t\t\t<\/div>\n\t\t\t\t<\/div>\n\t\t\t\t<\/div>\n\t\t\t\t\t<\/div>\n\t\t\t\t<\/div>\n\t\t\t\t<\/div>\n\t\t","protected":false},"excerpt":{"rendered":"<p>Este soy yo Soy Ernesto: dise\u00f1ador, ilustrador y artista desde que tengo uso de l\u00e1piz. Me apasiona darle forma a las ideas, ya sea con un logo que hable sin decir una palabra, un personaje con carisma o un packaging que se quede grabado en la retina. Trabajo con intenci\u00f3n, con cabeza y, siempre que [&hellip;]<\/p>\n","protected":false},"author":1,"featured_media":0,"parent":0,"menu_order":0,"comment_status":"closed","ping_status":"closed","template":"elementor_header_footer","meta":{"footnotes":""},"class_list":["post-96","page","type-page","status-publish","hentry"],"_links":{"self":[{"href":"https:\/\/pistachodesign.com\/index.php?rest_route=\/wp\/v2\/pages\/96","targetHints":{"allow":["GET"]}}],"collection":[{"href":"https:\/\/pistachodesign.com\/index.php?rest_route=\/wp\/v2\/pages"}],"about":[{"href":"https:\/\/pistachodesign.com\/index.php?rest_route=\/wp\/v2\/types\/page"}],"author":[{"embeddable":true,"href":"https:\/\/pistachodesign.com\/index.php?rest_route=\/wp\/v2\/users\/1"}],"replies":[{"embeddable":true,"href":"https:\/\/pistachodesign.com\/index.php?rest_route=%2Fwp%2Fv2%2Fcomments&post=96"}],"version-history":[{"count":71,"href":"https:\/\/pistachodesign.com\/index.php?rest_route=\/wp\/v2\/pages\/96\/revisions"}],"predecessor-version":[{"id":620,"href":"https:\/\/pistachodesign.com\/index.php?rest_route=\/wp\/v2\/pages\/96\/revisions\/620"}],"wp:attachment":[{"href":"https:\/\/pistachodesign.com\/index.php?rest_route=%2Fwp%2Fv2%2Fmedia&parent=96"}],"curies":[{"name":"wp","href":"https:\/\/api.w.org\/{rel}","templated":true}]}}