{"id":82,"date":"2025-07-03T11:41:35","date_gmt":"2025-07-03T09:41:35","guid":{"rendered":"https:\/\/pistachodesign.com\/?page_id=82"},"modified":"2025-07-08T18:56:24","modified_gmt":"2025-07-08T16:56:24","slug":"terms-of-use","status":"publish","type":"page","link":"https:\/\/pistachodesign.com\/?page_id=82","title":{"rendered":"Terms of Use"},"content":{"rendered":"\t\t<div data-elementor-type=\"wp-page\" data-elementor-id=\"82\" class=\"elementor elementor-82\">\n\t\t\t\t<div class=\"elementor-element elementor-element-ab164 e-flex e-con-boxed e-con e-parent\" data-id=\"ab164\" data-element_type=\"container\">\n\t\t\t\t\t<div class=\"e-con-inner\">\n\t\t<div class=\"elementor-element elementor-element-41838f03 e-con-full e-flex e-con e-child\" data-id=\"41838f03\" data-element_type=\"container\" data-settings=\"{&quot;background_background&quot;:&quot;classic&quot;}\">\n\t\t\t\t<div class=\"elementor-element elementor-element-33a331c5 elementor-vertical-align-middle elementor-widget elementor-widget-icon-box\" data-id=\"33a331c5\" data-element_type=\"widget\" data-widget_type=\"icon-box.default\">\n\t\t\t\t<div class=\"elementor-widget-container\">\n\t\t\t\t\t\t\t<div class=\"elementor-icon-box-wrapper\">\n\n\t\t\t\n\t\t\t\t\t\t<div class=\"elementor-icon-box-content\">\n\n\t\t\t\t\t\t\t\t\t<h3 class=\"elementor-icon-box-title\">\n\t\t\t\t\t\t<span  >\n\t\t\t\t\t\t\tT\u00e9rminos de uso\t\t\t\t\t\t<\/span>\n\t\t\t\t\t<\/h3>\n\t\t\t\t\n\t\t\t\t\n\t\t\t<\/div>\n\t\t\t\n\t\t<\/div>\n\t\t\t\t\t\t<\/div>\n\t\t\t\t<\/div>\n\t\t\t\t<div class=\"elementor-element elementor-element-573b52a1 elementor-widget elementor-widget-text-editor\" data-id=\"573b52a1\" data-element_type=\"widget\" data-widget_type=\"text-editor.default\">\n\t\t\t\t<div class=\"elementor-widget-container\">\n\t\t\t\t\t\t\t\t\t<p>Acuerdo de usuario<\/p>\t\t\t\t\t\t\t\t<\/div>\n\t\t\t\t<\/div>\n\t\t\t\t<div class=\"elementor-element elementor-element-5aa4fd1d elementor-widget elementor-widget-text-editor\" data-id=\"5aa4fd1d\" data-element_type=\"widget\" data-widget_type=\"text-editor.default\">\n\t\t\t\t<div class=\"elementor-widget-container\">\n\t\t\t\t\t\t\t\t\t<p data-start=\"121\" data-end=\"596\">Al utilizar nuestros servicios, aceptas cumplir con los t\u00e9rminos y condiciones establecidos en este documento. Estos t\u00e9rminos est\u00e1n dise\u00f1ados para garantizar una experiencia justa, transparente y segura para todos los usuarios. Eres responsable de la veracidad de la informaci\u00f3n que proporcionas y de mantener la confidencialidad de tu cuenta. Nos reservamos el derecho de actualizar estos t\u00e9rminos seg\u00fan sea necesario para reflejar cambios en nuestros servicios o pol\u00edticas.<\/p>\t\t\t\t\t\t\t\t<\/div>\n\t\t\t\t<\/div>\n\t\t\t\t<div class=\"elementor-element elementor-element-110318dd elementor-widget elementor-widget-text-editor\" data-id=\"110318dd\" data-element_type=\"widget\" data-widget_type=\"text-editor.default\">\n\t\t\t\t<div class=\"elementor-widget-container\">\n\t\t\t\t\t\t\t\t\t<p>Pol\u00edtica de privacidad<\/p>\t\t\t\t\t\t\t\t<\/div>\n\t\t\t\t<\/div>\n\t\t\t\t<div class=\"elementor-element elementor-element-1d1681b9 elementor-widget elementor-widget-text-editor\" data-id=\"1d1681b9\" data-element_type=\"widget\" data-widget_type=\"text-editor.default\">\n\t\t\t\t<div class=\"elementor-widget-container\">\n\t\t\t\t\t\t\t\t\t<p data-start=\"635\" data-end=\"1148\">Tu privacidad es nuestra prioridad, y estamos comprometidos a proteger tu informaci\u00f3n personal. Cualquier dato que proporciones se recopila, almacena y utiliza de acuerdo con nuestra pol\u00edtica de privacidad, la cual describe c\u00f3mo manejamos tu informaci\u00f3n de manera segura. Esto incluye medidas para prevenir accesos no autorizados y asegurar que tus datos solo se utilicen para mejorar tu experiencia. Te animamos a revisar la pol\u00edtica de privacidad para obtener m\u00e1s detalles sobre c\u00f3mo se gestiona tu informaci\u00f3n.<\/p>\t\t\t\t\t\t\t\t<\/div>\n\t\t\t\t<\/div>\n\t\t\t\t<div class=\"elementor-element elementor-element-c00a5a7 elementor-widget elementor-widget-text-editor\" data-id=\"c00a5a7\" data-element_type=\"widget\" data-widget_type=\"text-editor.default\">\n\t\t\t\t<div class=\"elementor-widget-container\">\n\t\t\t\t\t\t\t\t\t<p>Propiedad intelectual<\/p>\t\t\t\t\t\t\t\t<\/div>\n\t\t\t\t<\/div>\n\t\t\t\t<div class=\"elementor-element elementor-element-1ada3962 elementor-widget elementor-widget-text-editor\" data-id=\"1ada3962\" data-element_type=\"widget\" data-widget_type=\"text-editor.default\">\n\t\t\t\t<div class=\"elementor-widget-container\">\n\t\t\t\t\t\t\t\t\t<p data-start=\"1186\" data-end=\"1640\">Todo el contenido, los elementos de dise\u00f1o y el branding asociados a nuestros servicios est\u00e1n protegidos por leyes de propiedad intelectual. Esto incluye, entre otros, logotipos, textos y gr\u00e1ficos. El uso no autorizado, la reproducci\u00f3n o distribuci\u00f3n de cualquier material est\u00e1n estrictamente prohibidos y pueden dar lugar a acciones legales. Agradecemos que respetes estos derechos, ya que ayuda a mantener la calidad e integridad de nuestra plataforma.<\/p>\t\t\t\t\t\t\t\t<\/div>\n\t\t\t\t<\/div>\n\t\t\t\t<\/div>\n\t\t\t\t\t<\/div>\n\t\t\t\t<\/div>\n\t\t<div class=\"elementor-element elementor-element-2d5ea39d e-flex e-con-boxed e-con e-parent\" data-id=\"2d5ea39d\" data-element_type=\"container\">\n\t\t\t\t\t<div class=\"e-con-inner\">\n\t\t<div class=\"elementor-element elementor-element-ff9811e e-con-full e-flex e-con e-child\" data-id=\"ff9811e\" data-element_type=\"container\" data-settings=\"{&quot;background_background&quot;:&quot;classic&quot;}\">\n\t\t\t\t<div class=\"elementor-element elementor-element-bc2897a elementor-vertical-align-middle elementor-widget elementor-widget-icon-box\" data-id=\"bc2897a\" data-element_type=\"widget\" data-widget_type=\"icon-box.default\">\n\t\t\t\t<div class=\"elementor-widget-container\">\n\t\t\t\t\t\t\t<div class=\"elementor-icon-box-wrapper\">\n\n\t\t\t\n\t\t\t\t\t\t<div class=\"elementor-icon-box-content\">\n\n\t\t\t\t\t\t\t\t\t<h3 class=\"elementor-icon-box-title\">\n\t\t\t\t\t\t<span  >\n\t\t\t\t\t\t\tPrivacidad y cookies\t\t\t\t\t\t<\/span>\n\t\t\t\t\t<\/h3>\n\t\t\t\t\n\t\t\t\t\n\t\t\t<\/div>\n\t\t\t\n\t\t<\/div>\n\t\t\t\t\t\t<\/div>\n\t\t\t\t<\/div>\n\t\t\t\t<div class=\"elementor-element elementor-element-5fc5b1ce elementor-widget elementor-widget-text-editor\" data-id=\"5fc5b1ce\" data-element_type=\"widget\" data-widget_type=\"text-editor.default\">\n\t\t\t\t<div class=\"elementor-widget-container\">\n\t\t\t\t\t\t\t\t\t<p>Recopilaci\u00f3n y uso de datos<\/p>\t\t\t\t\t\t\t\t<\/div>\n\t\t\t\t<\/div>\n\t\t\t\t<div class=\"elementor-element elementor-element-1821c224 elementor-widget elementor-widget-text-editor\" data-id=\"1821c224\" data-element_type=\"widget\" data-widget_type=\"text-editor.default\">\n\t\t\t\t<div class=\"elementor-widget-container\">\n\t\t\t\t\t\t\t\t\t<p>Recopilamos y procesamos tus datos para proporcionar y mejorar nuestros servicios. Esto incluye la informaci\u00f3n que compartes directamente con nosotros, como los datos de tu cuenta, y los datos recopilados a trav\u00e9s de tus interacciones con nuestra plataforma. Tu informaci\u00f3n se utiliza \u00fanicamente con fines operativos, como mejorar tu experiencia, garantizar la seguridad y ofrecer funciones personalizadas.<br \/>No vendemos tus datos a terceros.<\/p>\t\t\t\t\t\t\t\t<\/div>\n\t\t\t\t<\/div>\n\t\t\t\t<div class=\"elementor-element elementor-element-f6c3e22 elementor-widget elementor-widget-text-editor\" data-id=\"f6c3e22\" data-element_type=\"widget\" data-widget_type=\"text-editor.default\">\n\t\t\t\t<div class=\"elementor-widget-container\">\n\t\t\t\t\t\t\t\t\t<p>Pol\u00edtica de Cookies<\/p>\t\t\t\t\t\t\t\t<\/div>\n\t\t\t\t<\/div>\n\t\t\t\t<div class=\"elementor-element elementor-element-ed5a0ac elementor-widget elementor-widget-text-editor\" data-id=\"ed5a0ac\" data-element_type=\"widget\" data-widget_type=\"text-editor.default\">\n\t\t\t\t<div class=\"elementor-widget-container\">\n\t\t\t\t\t\t\t\t\t<p>Nuestro sitio utiliza cookies para mejorar el rendimiento, analizar el comportamiento del usuario y optimizar la experiencia general. Las cookies nos ayudan a comprender c\u00f3mo interact\u00faas con nuestros servicios y nos permiten adaptar el contenido a tus preferencias. Puedes gestionar la configuraci\u00f3n de cookies en tu navegador en cualquier momento, aunque algunas funciones pueden no funcionar de forma \u00f3ptima sin ellas<\/p>\t\t\t\t\t\t\t\t<\/div>\n\t\t\t\t<\/div>\n\t\t\t\t<div class=\"elementor-element elementor-element-274ca707 elementor-widget elementor-widget-text-editor\" data-id=\"274ca707\" data-element_type=\"widget\" data-widget_type=\"text-editor.default\">\n\t\t\t\t<div class=\"elementor-widget-container\">\n\t\t\t\t\t\t\t\t\t<p>Protecci\u00f3n de tu privacidad<\/p>\t\t\t\t\t\t\t\t<\/div>\n\t\t\t\t<\/div>\n\t\t\t\t<div class=\"elementor-element elementor-element-fc0be77 elementor-widget elementor-widget-text-editor\" data-id=\"fc0be77\" data-element_type=\"widget\" data-widget_type=\"text-editor.default\">\n\t\t\t\t<div class=\"elementor-widget-container\">\n\t\t\t\t\t\t\t\t\t<p>Priorizamos tu privacidad y utilizamos medidas de seguridad avanzadas para proteger tu informaci\u00f3n. El acceso a tus datos est\u00e1 restringido al personal autorizado, y revisamos regularmente nuestras pr\u00e1cticas para garantizar el cumplimiento de los est\u00e1ndares del sector. Si tienes preguntas sobre c\u00f3mo se gestionan tus datos, no dudes en contactarnos directamente<\/p>\t\t\t\t\t\t\t\t<\/div>\n\t\t\t\t<\/div>\n\t\t\t\t<\/div>\n\t\t\t\t\t<\/div>\n\t\t\t\t<\/div>\n\t\t\t\t<\/div>\n\t\t","protected":false},"excerpt":{"rendered":"<p>T\u00e9rminos de uso Acuerdo de usuario Al utilizar nuestros servicios, aceptas cumplir con los t\u00e9rminos y condiciones establecidos en este documento. Estos t\u00e9rminos est\u00e1n dise\u00f1ados para garantizar una experiencia justa, transparente y segura para todos los usuarios. Eres responsable de la veracidad de la informaci\u00f3n que proporcionas y de mantener la confidencialidad de tu cuenta. [&hellip;]<\/p>\n","protected":false},"author":1,"featured_media":0,"parent":0,"menu_order":0,"comment_status":"closed","ping_status":"closed","template":"elementor_header_footer","meta":{"footnotes":""},"class_list":["post-82","page","type-page","status-publish","hentry"],"_links":{"self":[{"href":"https:\/\/pistachodesign.com\/index.php?rest_route=\/wp\/v2\/pages\/82","targetHints":{"allow":["GET"]}}],"collection":[{"href":"https:\/\/pistachodesign.com\/index.php?rest_route=\/wp\/v2\/pages"}],"about":[{"href":"https:\/\/pistachodesign.com\/index.php?rest_route=\/wp\/v2\/types\/page"}],"author":[{"embeddable":true,"href":"https:\/\/pistachodesign.com\/index.php?rest_route=\/wp\/v2\/users\/1"}],"replies":[{"embeddable":true,"href":"https:\/\/pistachodesign.com\/index.php?rest_route=%2Fwp%2Fv2%2Fcomments&post=82"}],"version-history":[{"count":7,"href":"https:\/\/pistachodesign.com\/index.php?rest_route=\/wp\/v2\/pages\/82\/revisions"}],"predecessor-version":[{"id":645,"href":"https:\/\/pistachodesign.com\/index.php?rest_route=\/wp\/v2\/pages\/82\/revisions\/645"}],"wp:attachment":[{"href":"https:\/\/pistachodesign.com\/index.php?rest_route=%2Fwp%2Fv2%2Fmedia&parent=82"}],"curies":[{"name":"wp","href":"https:\/\/api.w.org\/{rel}","templated":true}]}}